

{"id":1121,"date":"2025-09-08T14:23:23","date_gmt":"2025-09-08T14:23:23","guid":{"rendered":"https:\/\/ricongoose.com\/?page_id=1121"},"modified":"2025-09-08T14:23:23","modified_gmt":"2025-09-08T14:23:23","slug":"allmanna-villkor-och-bestammelser","status":"publish","type":"page","link":"https:\/\/ricongoose.com\/?page_id=1121","title":{"rendered":"Allm\u00e4nna villkor och best\u00e4mmelser"},"content":{"rendered":"<p>V\u00e4lkommen till webbplatsen ricongoose.com!<\/p>\n<p>Dessa villkor beskriver reglerna och best\u00e4mmelserna f\u00f6r anv\u00e4ndning av webbplatsen ricongoose.com som finns p\u00e5 ricongoose.com.<\/p>\n<p>Genom att bes\u00f6ka denna webbplats f\u00f6ruts\u00e4tter vi att du accepterar dessa villkor. Forts\u00e4tt inte att anv\u00e4nda ricongoose.com om du inte godk\u00e4nner alla de villkor som anges p\u00e5 denna sida.<\/p>\n<p>F\u00f6ljande terminologi g\u00e4ller f\u00f6r dessa Villkor, Integritetspolicyn och Friskrivningsklausulen samt alla avtal: &#8221;Kund&#8221;, &#8221;du&#8221; och &#8221;din&#8221; avser dig, den person som bes\u00f6ker denna webbplats och f\u00f6ljer f\u00f6retagets villkor. &#8221;F\u00f6retaget&#8221;, &#8221;vi&#8221;, &#8221;oss&#8221;, &#8221;v\u00e5r&#8221; h\u00e4nvisar till v\u00e5rt f\u00f6retag. &#8221;Webbplats&#8221;, &#8221;parter&#8221; eller &#8221;vi&#8221; avser b\u00e5de dig och oss. Alla villkor h\u00e4nvisar till erbjudande, godk\u00e4nnande och \u00f6verv\u00e4gande av betalningar som \u00e4r n\u00f6dv\u00e4ndiga f\u00f6r att genomf\u00f6ra processen att hj\u00e4lpa kunden p\u00e5 det mest l\u00e4mpliga s\u00e4ttet f\u00f6r att m\u00f6ta kundens behov i samband med f\u00f6retagets tillhandah\u00e5llande av de ovann\u00e4mnda tj\u00e4nsterna i enlighet med nederl\u00e4ndsk lag. All anv\u00e4ndning av ovanst\u00e5ende terminologi eller andra ord i singular, plural, med stor bokstav och\/eller han\/hon\/dem eller de kommer att anses vara utbytbara och h\u00e4nvisar d\u00e4rf\u00f6r till samma sak.<\/p>\n<p><b>Kakor<\/b><br \/>\nVi anv\u00e4nder cookies. Genom att bes\u00f6ka webbplatsen ricongoose.com samtycker du till anv\u00e4ndningen av cookies i enlighet med ricongoose.com:s integritetspolicy.<\/p>\n<p>De flesta interaktiva webbplatser anv\u00e4nder cookies f\u00f6r att f\u00e5 information om dig under varje bes\u00f6k. Cookies anv\u00e4nds av v\u00e5r webbplats f\u00f6r att tillhandah\u00e5lla funktionalitet i vissa omr\u00e5den och f\u00f6r att g\u00f6ra det l\u00e4ttare f\u00f6r bes\u00f6kare att anv\u00e4nda webbplatsen. Vissa av v\u00e5ra partners\/annonseringspartners kan ocks\u00e5 anv\u00e4nda cookies.<\/p>\n<p><b>Licens<\/b><br \/>\nOm inget annat anges \u00e4ger ricongoose.com och\/eller dess licensgivare de immateriella r\u00e4ttigheterna f\u00f6r allt material p\u00e5 ricongoose.com webbplats. Alla immateriella r\u00e4ttigheter \u00e4r reserverade. Du f\u00e5r ta del av material fr\u00e5n webbplatsen ricongoose.com f\u00f6r ditt eget personliga bruk, med f\u00f6rbeh\u00e5ll f\u00f6r de begr\u00e4nsningar som anges i dessa villkor.<\/p>\n<p>Anv\u00e4ndaren b\u00f6r inte g\u00f6ra det:<\/p>\n<ul>\n<li>Reproducera n\u00e5got material fr\u00e5n ricongoose.com;<\/li>\n<p>.<\/p>\n<li>S\u00e4lja, hyra eller underlicensiera n\u00e5got material fr\u00e5n ricongoose.com reproducera, duplicera eller kopiera n\u00e5got material fr\u00e5n ricongoose.com;<\/li>\n<p>.<\/p>\n<li>Inneh\u00e5ll i ricongoose.com;<\/li>\n<p>.\n<\/ul>\n<p>.<br \/>\nSektioner p\u00e5 denna webbplats ger anv\u00e4ndare m\u00f6jlighet att publicera och dela \u00e5sikter och information inom specifika omr\u00e5den p\u00e5 webbplatsen. ricongoose.com filtrerar, redigerar, publicerar eller granskar inte kommentarer innan de publiceras p\u00e5 webbplatsen. Kommentarer \u00e5terspeglar inte \u00e5sikter eller uppfattningar hos ricongoose.com. dess representanter och\/eller dotterbolag. Kommentarer \u00e5terspeglar \u00e5sikterna och \u00e5sikterna hos den person som publicerar sina egna \u00e5sikter och \u00e5sikter. I den utstr\u00e4ckning som till\u00e5ts enligt till\u00e4mplig lag ska ricongoose.com inte h\u00e5llas ansvarig f\u00f6r n\u00e5gra kommentarer eller f\u00f6r n\u00e5got ansvar, skador eller utgifter som orsakats och\/eller lidits som ett resultat av anv\u00e4ndning och\/eller publicering och\/eller utseende av n\u00e5gra kommentarer p\u00e5 denna webbplats.<\/p>\n<p>ricongoose.com f\u00f6rbeh\u00e5ller sig r\u00e4tten att \u00f6vervaka alla kommentarer och att ta bort alla kommentarer som kan anses vara ol\u00e4mpliga, st\u00f6tande eller i strid med dessa villkor.<\/p>\n<p>Anv\u00e4ndaren garanterar och f\u00f6rs\u00e4krar att:<\/p>\n<ul>\n<li>Du har\n<li>Du har r\u00e4tt att publicera kommentarer p\u00e5 v\u00e5r webbplats och har alla n\u00f6dv\u00e4ndiga licenser och beh\u00f6righeter f\u00f6r att g\u00f6ra det;<\/li>\n<p>.<\/p>\n<li>Kommentarerna inte g\u00f6r intr\u00e5ng i n\u00e5gra immateriella r\u00e4ttigheter, inklusive men inte begr\u00e4nsat till upphovsr\u00e4tt, patent eller varum\u00e4rken som tillh\u00f6r tredje part;<\/li>\n<p>.<\/p>\n<li>Kommentarer f\u00e5r inte inneh\u00e5lla \u00e4rekr\u00e4nkande, f\u00f6rtalande, st\u00f6tande, obscent eller p\u00e5 annat s\u00e4tt olagligt material som utg\u00f6r ett intr\u00e5ng i privatlivet;<\/li>\n<p>.<\/p>\n<li>Kommentarer f\u00e5r inte anv\u00e4ndas f\u00f6r att annonsera eller fr\u00e4mja kommersiella eller personliga aktiviteter, eller f\u00f6r att representera kommersiella eller olagliga aktiviteter.<\/li>\n<\/ul>\n<\/ul>\n<p>.<br \/>\nDu ger h\u00e4rmed ricongoose.com en icke-exklusiv licens att anv\u00e4nda, reproducera, modifiera och till\u00e5ta andra att anv\u00e4nda, reproducera och modifiera dina kommentarer i n\u00e5gon form, format eller medium.<\/p>\n<p>Hyperl\u00e4nkar till v\u00e5rt material<br \/>\nF\u00f6ljande organisationer f\u00e5r l\u00e4nka till v\u00e5r webbplats utan f\u00f6reg\u00e5ende skriftligt tillst\u00e5nd:<\/p>\n<ul>\n<li\n \t\n\n<li>Statliga myndigheter;<\/li>\n<p>.<\/p>\n<li>S\u00f6kmotorer;<\/li>\n<p>.<\/p>\n<li>Informationsorganisationer;<\/li>\n<p>.<\/p>\n<li>f\u00f6retag som tillhandah\u00e5ller onlinekataloger kan l\u00e4nka till v\u00e5r webbplats p\u00e5 samma s\u00e4tt som de l\u00e4nkar till webbplatser som tillh\u00f6r andra listade f\u00f6retag;<\/li>\n<p>.<\/p>\n<li>ackrediterade f\u00f6retag, med undantag f\u00f6r ideella organisationer, v\u00e4lg\u00f6renhetsk\u00f6pcentrum och v\u00e4lg\u00f6renhetsstiftelser, som inte f\u00e5r l\u00e4nka till v\u00e5r webbplats;<\/li>\n<p>.\n<\/ul>\n<p>.<br \/>\nDessa organisationer f\u00e5r l\u00e4nka till v\u00e5r hemsida, publikationer eller annan information p\u00e5 webbplatsen under f\u00f6ruts\u00e4ttning att en s\u00e5dan l\u00e4nk (a) inte \u00e4r vilseledande p\u00e5 n\u00e5got s\u00e4tt, (b) inte antyder falsk sponsring, st\u00f6d eller godk\u00e4nnande av den l\u00e4nkade webbplatsen och dess produkter och\/eller tj\u00e4nster, (c) passar in i sammanhanget f\u00f6r den l\u00e4nkade webbplatsen.<\/p>\n<p>Vi kan \u00f6verv\u00e4ga och godk\u00e4nna andra f\u00f6rfr\u00e5gningar om l\u00e4nkar fr\u00e5n f\u00f6ljande typer av organisationer:<\/p>\n<ul>\n<li\n \t\n\n<li>Allm\u00e4nt k\u00e4nda informationsk\u00e4llor f\u00f6r konsumenter och\/eller f\u00f6retag;<\/li>\n<p>.<\/p>\n<li> webbplatser f\u00f6r dot.com-gemenskaper;<\/li>\n<p>.<\/p>\n<li>Sammanslutningar eller andra grupper som f\u00f6retr\u00e4der v\u00e4lg\u00f6renhetsorganisationer;<\/li>\n<p>.<\/p>\n<li>Distribut\u00f6rer av kataloger online <\/li>\n<p>.<\/p>\n<li>Webbportaler;<\/li>\n<p>.<\/p>\n<li>R\u00e4kenskaps-, juridiska och konsultf\u00f6retag;<\/li>\n<p>.<\/p>\n<li>Utbildningsinstitutioner och yrkesorganisationer;<\/li>\n<p>.\n<\/ul>\n<p>.<br \/>\nVi kommer att godk\u00e4nna dessa organisationers beg\u00e4ran om en l\u00e4nk om vi fastst\u00e4ller att (a) l\u00e4nken inte missgynnar oss eller v\u00e5ra ackrediterade f\u00f6retag; (b) organisationen inte har ett negativt f\u00f6rh\u00e5llande till oss; (c) f\u00f6rdelen f\u00f6r oss av att hyperl\u00e4nken \u00e4r synlig kompenserar f\u00f6r bristen p\u00e5 verkliga kilobytes; och (d) l\u00e4nken \u00e4r kopplad till allm\u00e4n resursinformation.<\/p>\n<p>Dessa organisationer f\u00e5r l\u00e4nka till v\u00e5r hemsida under f\u00f6ruts\u00e4ttning att l\u00e4nken (a) inte \u00e4r vilseledande p\u00e5 n\u00e5got s\u00e4tt; (b) inte felaktigt antyder sponsring, st\u00f6d eller godk\u00e4nnande av den l\u00e4nkade webbplatsen och dess produkter eller tj\u00e4nster; och (c) passar in i sammanhanget f\u00f6r den l\u00e4nkade webbplatsen.<\/p>\n<p>Om du \u00e4r en av de organisationer som anges i punkt 2 och vill l\u00e4nka till v\u00e5r webbplats, m\u00e5ste du meddela oss detta genom att skicka ett e-postmeddelande till <a href=\"mailto:info@ricongoose.com\">info@ricongoose.com<\/a>. I meddelandet ska du ange ditt namn, namnet p\u00e5 din organisation, dina kontaktuppgifter och webbadressen till din webbplats, en lista \u00f6ver webbadresser fr\u00e5n vilka du vill l\u00e4nka till v\u00e5r webbplats och en lista \u00f6ver webbadresser till v\u00e5ra webbplatser som du vill l\u00e4nka till. F\u00f6rv\u00e4nta dig ett svar inom 2-3 veckor.<\/p>\n<p>Auktoriserade organisationer f\u00e5r l\u00e4nka till v\u00e5r webbplats enligt f\u00f6ljande:<\/p>\n<ul>\n<li>med v\u00e5rt f\u00f6retagsnamn\n<li>Med v\u00e5rt f\u00f6retagsnamn;<\/li>\n<p>.<\/p>\n<li>eller med hj\u00e4lp av Uniform Resource Locator;<\/li>\n<p>.<\/p>\n<li>eller med hj\u00e4lp av n\u00e5gon annan beskrivning av v\u00e5r l\u00e4nkade webbplats som \u00e4r l\u00e4mplig f\u00f6r den l\u00e4nkade webbplatsens sammanhang och inneh\u00e5llsformat;<\/li>\n<p>.\n<\/ul>\n<p>.<br \/>\nAnv\u00e4ndning av ricongoose.com-logotypen eller annan konstn\u00e4rlig utformning \u00e4r inte till\u00e5ten f\u00f6r l\u00e4nkar om det inte finns ett licensavtal f\u00f6r varum\u00e4rket.<\/p>\n<p><b>IFRAME<\/b><br \/>\nDu f\u00e5r inte skapa en ram runt v\u00e5ra webbsidor som \u00e4ndrar den visuella presentationen eller utseendet p\u00e5 v\u00e5r webbplats p\u00e5 n\u00e5got s\u00e4tt utan f\u00f6reg\u00e5ende skriftligt tillst\u00e5nd.<\/p>\n<p><b>Ansvar f\u00f6r inneh\u00e5ll<\/b><br \/>\nVi ansvarar inte f\u00f6r det inneh\u00e5ll som publiceras p\u00e5 din webbplats. Du samtycker till att f\u00f6rsvara oss mot alla anspr\u00e5k som uppst\u00e5r till f\u00f6ljd av anv\u00e4ndningen av din webbplats. Ingen webbplats f\u00e5r inneh\u00e5lla l\u00e4nkar som kan tolkas som \u00e4rekr\u00e4nkande, obscena eller kriminella, eller som g\u00f6r intr\u00e5ng i, kr\u00e4nker eller p\u00e5 annat s\u00e4tt bryter mot tredje parts r\u00e4ttigheter.<\/p>\n<p><b>Din integritet<\/b><br \/>\nL\u00e4s v\u00e5r integritetspolicy<\/p>\n<p>Vi f\u00f6rbeh\u00e5ller oss r\u00e4tten att<\/p>\n<p>Vi f\u00f6rbeh\u00e5ller oss r\u00e4tten att ta bort alla l\u00e4nkar eller specifika referenser till v\u00e5r webbplats. Du samtycker till att omedelbart ta bort alla l\u00e4nkar till v\u00e5r webbplats p\u00e5 beg\u00e4ran. Vi f\u00f6rbeh\u00e5ller oss ocks\u00e5 r\u00e4tten att n\u00e4r som helst \u00e4ndra dessa villkor och l\u00e4nkpolicyer. Genom att l\u00e4nka till v\u00e5r webbplats n\u00e4r som helst samtycker du till att vara bunden av och f\u00f6lja dessa villkor f\u00f6r l\u00e4nkning.<\/p>\n<p>Ta bort l\u00e4nkar fr\u00e5n v\u00e5r webbplats<\/p>\n<p>Om du hittar en l\u00e4nk p\u00e5 v\u00e5r webbplats som av n\u00e5gon anledning \u00e4r st\u00f6tande, kan du n\u00e4r som helst kontakta oss f\u00f6r att meddela oss detta. Vi kommer att \u00f6verv\u00e4ga f\u00f6rfr\u00e5gningar om att ta bort l\u00e4nkar, men vi \u00e4r inte skyldiga att svara direkt till dig.<\/p>\n<p>Vi garanterar inte att informationen p\u00e5 denna webbplats \u00e4r korrekt, fullst\u00e4ndig eller korrekt, och vi g\u00f6r inte heller n\u00e5gra \u00e5taganden f\u00f6r att s\u00e4kerst\u00e4lla att informationen p\u00e5 denna webbplats \u00e4r korrekt.<\/p>\n<p><b>Uteslutande av ansvar<\/b><\/p>\n<p>I den utstr\u00e4ckning som till\u00e5ts enligt till\u00e4mplig lag friskriver vi oss fr\u00e5n alla utf\u00e4stelser, garantier och villkor som r\u00f6r v\u00e5r webbplats och din anv\u00e4ndning av den. Ingenting i denna friskrivningsklausul ska g\u00e4lla:<\/p>\n<ul>\n<li> begr\u00e4nsa eller utesluta v\u00e5rt eller ditt ansvar f\u00f6r d\u00f6dsfall eller personskada;<\/li>\n<p>.<\/p>\n<li> begr\u00e4nsa eller utesluta v\u00e5rt eller ditt ansvar f\u00f6r bedr\u00e4geri eller bedr\u00e4glig felaktig framst\u00e4llning;<\/li>\n<p>.<\/p>\n<li>begr\u00e4nsa v\u00e5rt eller ditt ansvar p\u00e5 n\u00e5got s\u00e4tt som inte \u00e4r till\u00e5tet enligt till\u00e4mplig lag;<\/li>\n<p>.<\/p>\n<li>exkludera v\u00e5rt eller anv\u00e4ndarens ansvar som inte kan uteslutas enligt till\u00e4mplig lag;<\/li>\n<p>.\n<\/ul>\n<p>.<br \/>\nDe begr\u00e4nsningar och uteslutningar av ansvar som anges i detta avsnitt och p\u00e5 andra st\u00e4llen i denna ansvarsfriskrivning: (a) styrs av f\u00f6reg\u00e5ende stycke; och (b) styr alla skyldigheter enligt denna ansvarsfriskrivning, inklusive avtalsenliga skyldigheter, skadest\u00e5ndsskyldigheter och brott mot lagstadgad skyldighet.<\/p>\n<p>S\u00e5 l\u00e4nge webbplatsen och den information och de tj\u00e4nster som finns d\u00e4r tillhandah\u00e5lls kostnadsfritt, ska vi inte h\u00e5llas ansvariga f\u00f6r eventuella f\u00f6rluster eller skador.<\/p>\n","protected":false},"excerpt":{"rendered":"<p>V\u00e4lkommen till webbplatsen ricongoose.com! Dessa villkor beskriver reglerna och best\u00e4mmelserna f\u00f6r anv\u00e4ndning av webbplatsen ricongoose.com som finns p\u00e5 ricongoose.com. Genom att bes\u00f6ka denna webbplats f\u00f6ruts\u00e4tter vi att du accepterar dessa&hellip;<\/p>\n","protected":false},"author":1,"featured_media":0,"parent":0,"menu_order":0,"comment_status":"closed","ping_status":"closed","template":"","meta":{"footnotes":""},"class_list":["post-1121","page","type-page","status-publish","hentry"],"_links":{"self":[{"href":"https:\/\/ricongoose.com\/index.php?rest_route=\/wp\/v2\/pages\/1121","targetHints":{"allow":["GET"]}}],"collection":[{"href":"https:\/\/ricongoose.com\/index.php?rest_route=\/wp\/v2\/pages"}],"about":[{"href":"https:\/\/ricongoose.com\/index.php?rest_route=\/wp\/v2\/types\/page"}],"author":[{"embeddable":true,"href":"https:\/\/ricongoose.com\/index.php?rest_route=\/wp\/v2\/users\/1"}],"replies":[{"embeddable":true,"href":"https:\/\/ricongoose.com\/index.php?rest_route=%2Fwp%2Fv2%2Fcomments&post=1121"}],"version-history":[{"count":1,"href":"https:\/\/ricongoose.com\/index.php?rest_route=\/wp\/v2\/pages\/1121\/revisions"}],"predecessor-version":[{"id":1122,"href":"https:\/\/ricongoose.com\/index.php?rest_route=\/wp\/v2\/pages\/1121\/revisions\/1122"}],"wp:attachment":[{"href":"https:\/\/ricongoose.com\/index.php?rest_route=%2Fwp%2Fv2%2Fmedia&parent=1121"}],"curies":[{"name":"wp","href":"https:\/\/api.w.org\/{rel}","templated":true}]}}