

{"id":1127,"date":"2025-09-08T14:25:36","date_gmt":"2025-09-08T14:25:36","guid":{"rendered":"https:\/\/ricongoose.com\/?page_id=1127"},"modified":"2025-09-08T14:25:36","modified_gmt":"2025-09-08T14:25:36","slug":"cookie","status":"publish","type":"page","link":"https:\/\/ricongoose.com\/?page_id=1127","title":{"rendered":"Cookie"},"content":{"rendered":"<p>Denna webbplats anv\u00e4nder cookies f\u00f6r att f\u00f6rb\u00e4ttra anv\u00e4ndarupplevelsen. Genom att anv\u00e4nda den h\u00e4r webbplatsen godk\u00e4nner du v\u00e5r anv\u00e4ndning av cookies.\n        <\/p>\n<p>Vad \u00e4r cookies? Cookies \u00e4r sm\u00e5 textfiler som lagras p\u00e5 din dator och som g\u00f6r det m\u00f6jligt f\u00f6r webbplatser att sp\u00e5ra och lagra information om din interaktion med webbplatsen. Dessa filer hj\u00e4lper oss att analysera hur du anv\u00e4nder v\u00e5r webbplats och g\u00f6r det m\u00f6jligt f\u00f6r oss att ge dig b\u00e4ttre och mer relevant inneh\u00e5ll.\n        <\/p>\n<p>Vilka cookies anv\u00e4nder vi? Vi anv\u00e4nder f\u00f6ljande typer av cookies p\u00e5 v\u00e5r webbplats:<br \/>\n            <br \/>\n            &#8211; Viktiga cookies: dessa cookies \u00e4r n\u00f6dv\u00e4ndiga f\u00f6r driften av v\u00e5r webbplats och g\u00f6r det m\u00f6jligt f\u00f6r oss att anv\u00e4nda grundl\u00e4ggande funktioner, s\u00e5som att logga in eller g\u00f6ra ink\u00f6p.<br \/>\n            <br \/>\n            &#8211; Analytiska cookies: dessa cookies hj\u00e4lper oss att sp\u00e5ra hur du anv\u00e4nder v\u00e5r webbplats s\u00e5 att vi kan f\u00f6rb\u00e4ttra dess prestanda och inneh\u00e5ll.<br \/>\n            <br \/>\n            &#8211; Reklamcookies: med hj\u00e4lp av dessa cookies kan vi visa dig relevant reklam baserat p\u00e5 ditt beteende p\u00e5 v\u00e5r webbplats.\n        <\/p>\n<p>Hur kan du hantera cookies? Du kan aktivera eller inaktivera cookies p\u00e5 den h\u00e4r webbplatsen. Observera dock att om du inaktiverar vissa typer av cookies kan det p\u00e5verka webbplatsens funktionalitet.\n        <\/p>\n<p>Genom att klicka p\u00e5 knappen &#8221;Jag godk\u00e4nner&#8221; nedan samtycker du till anv\u00e4ndningen av alla typer av cookies p\u00e5 denna webbplats. Om du inte vill till\u00e5ta anv\u00e4ndningen av cookies kan du v\u00e4lja &#8221;Jag samtycker inte&#8221; och forts\u00e4tta att anv\u00e4nda webbplatsen, \u00e4ven om vissa funktioner kan vara begr\u00e4nsade.\n        <\/p>\n<p>Mer information om v\u00e5r sekretess- och cookiepolicy finns p\u00e5 v\u00e5r sida med sekretessinformation.\n        <\/p>\n<p>\n            Tack f\u00f6r ditt f\u00f6rtroende och din anv\u00e4ndning av v\u00e5r webbplats\n        <\/p>\n","protected":false},"excerpt":{"rendered":"<p>Denna webbplats anv\u00e4nder cookies f\u00f6r att f\u00f6rb\u00e4ttra anv\u00e4ndarupplevelsen. Genom att anv\u00e4nda den h\u00e4r webbplatsen godk\u00e4nner du v\u00e5r anv\u00e4ndning av cookies. Vad \u00e4r cookies? Cookies \u00e4r sm\u00e5 textfiler som lagras p\u00e5&hellip;<\/p>\n","protected":false},"author":1,"featured_media":0,"parent":0,"menu_order":0,"comment_status":"closed","ping_status":"closed","template":"","meta":{"footnotes":""},"class_list":["post-1127","page","type-page","status-publish","hentry"],"_links":{"self":[{"href":"https:\/\/ricongoose.com\/index.php?rest_route=\/wp\/v2\/pages\/1127","targetHints":{"allow":["GET"]}}],"collection":[{"href":"https:\/\/ricongoose.com\/index.php?rest_route=\/wp\/v2\/pages"}],"about":[{"href":"https:\/\/ricongoose.com\/index.php?rest_route=\/wp\/v2\/types\/page"}],"author":[{"embeddable":true,"href":"https:\/\/ricongoose.com\/index.php?rest_route=\/wp\/v2\/users\/1"}],"replies":[{"embeddable":true,"href":"https:\/\/ricongoose.com\/index.php?rest_route=%2Fwp%2Fv2%2Fcomments&post=1127"}],"version-history":[{"count":1,"href":"https:\/\/ricongoose.com\/index.php?rest_route=\/wp\/v2\/pages\/1127\/revisions"}],"predecessor-version":[{"id":1128,"href":"https:\/\/ricongoose.com\/index.php?rest_route=\/wp\/v2\/pages\/1127\/revisions\/1128"}],"wp:attachment":[{"href":"https:\/\/ricongoose.com\/index.php?rest_route=%2Fwp%2Fv2%2Fmedia&parent=1127"}],"curies":[{"name":"wp","href":"https:\/\/api.w.org\/{rel}","templated":true}]}}